{"id":113,"date":"2015-12-07T18:22:55","date_gmt":"2015-12-07T17:22:55","guid":{"rendered":"https:\/\/www.rolltek.it\/web\/\/?page_id=113"},"modified":"2022-07-08T14:55:21","modified_gmt":"2022-07-08T12:55:21","slug":"contatti","status":"publish","type":"page","link":"https:\/\/www.rolltek.it\/web\/de\/contatti\/","title":{"rendered":"Kontakte"},"content":{"rendered":"<p><\/p>\n<div class=\"krown-column-row clearfix\">\n<div class=\"krown-column-container clearfix first span4 clearfix\">\n<h3>Info<\/h3>\n<p>Z.I. Sarrottino<br \/>\n88056 Tiriolo, CZ, Italia<\/p>\n<p><a href=\"mailto:info@rolltek.it\" target=\"_blank\" rel=\"noopener noreferrer\">info@rolltek.it<\/a><br \/>\nt. +39 09619011<\/p>\n<p>lat. 38.9009 \/ lon. 16.5343<br \/>\n<a href=\"https:\/\/www.google.it\/maps\/dir\/\/'38.9009,16.5343'\/@38.9013938,16.531196,17z\/data=!3m1!4b1!4m6!4m5!1m0!1m3!2m2!1d16.5343!2d38.9009\" target=\"_blank\" rel=\"noopener noreferrer\">berechnet Pfad<\/a><\/p>\n<h3>Schicke eine Nachricht<\/h3>\n<section class=\"krown-form clearfix\">\n<form method=\"POST\" action=\"https:\/\/www.rolltek.it\/web\/wp-content\/plugins\/krown-shortcodes\/assets\/contact-form.php\">\n<div class=\"krown-column-container span4 first\">\n\t    \t\t\t<label for=\"name\">Name<\/label><br \/>\n\t    \t\t\t<input id=\"name\" type=\"text\" name=\"name\" class=\"name\" \/>\n\t    \t\t<\/div>\n<div class=\"krown-column-container span4\">\n\t    \t\t\t<label for=\"email\">Email<\/label><br \/>\n\t    \t\t\t<input id=\"email\" type=\"email\" name=\"email\" class=\"email\" novalidate=\"\" \/>\n\t    \t\t<\/div>\n<div class=\"krown-column-container span4 last\">\n\t    \t\t\t<label for=\"subject\">Objekt<\/label><br \/>\n\t    \t\t\t<input id=\"subject\" type=\"text\" name=\"subject\" class=\"subject\" \/>\n\t    \t\t<\/div>\n<div class=\"krown-column-container span12 first last\">\n\t    \t\t\t<label for=\"message\">Nachricht<\/label><br \/>\n\t    \t\t\t<textarea id=\"message\" name=\"message\" class=\"message\"><\/textarea>\n\t    \t\t<\/div>\n<p>\t    \t\t<input type=\"text\" name=\"fred\" class=\"fred hidden\" value=\"\" \/><\/p>\n<div class=\"krown-column-container span12 first last\">\n<div class=\"g-recaptcha\" data-sitekey=\"6Le5CBYTAAAAAJhBFwRgJ5K17H7dkIS6tvIO7YQZ\"><\/div>\n<p>\t    \t\t<script type=\"text\/javascript\" src=\"https:\/\/www.google.com\/recaptcha\/api.js?hl=it\"><\/script>\n\t    \t\t<\/div>\n<p>\t    \t\t<input type=\"submit\" class=\"submit\" value=\"Senden\" \/><br \/>\n\t    \t\t<input type=\"hidden\" name=\"dlo128\" class=\"hidden dlo128\" value=\"info@rolltek.it\" \/><\/form>\n<p class=\"hidden success-message\">Danke!<\/p>\n<p class=\"hidden error-message\">Fehler. Test nach.<\/p>\n<\/section>\n<\/div>\n<p><\/p>","protected":false},"excerpt":{"rendered":"<p>Leider ist der Eintrag nur auf Italienisch verf\u00fcgbar Der Inhalt wird unten in einer verf\u00fcgbaren Sprache angezeigt. Klicken Sie auf den Link, um die aktuelle Sprache zu \u00e4ndern.<\/p>\n","protected":false},"author":1,"featured_media":0,"parent":0,"menu_order":31,"comment_status":"closed","ping_status":"closed","template":"template-contact.php","meta":[],"yoast_head":"<!-- This site is optimized with the Yoast SEO plugin v19.3 - https:\/\/yoast.com\/wordpress\/plugins\/seo\/ -->\n<title>Kontakte - Rolltek<\/title>\n<meta name=\"description\" content=\"Contattaci al +39 09619011 o invia una mail a info@rolltek.it - La nostra sede operativa si trova in Z.I. Sarrottino88056 Tiriolo, CZ\" \/>\n<meta name=\"robots\" content=\"index, follow, max-snippet:-1, max-image-preview:large, max-video-preview:-1\" \/>\n<link rel=\"canonical\" href=\"https:\/\/www.rolltek.it\/web\/contatti\/\" \/>\n<meta property=\"og:locale\" content=\"de_DE\" \/>\n<meta property=\"og:type\" content=\"article\" \/>\n<meta property=\"og:title\" content=\"[:it]Contatti[:en]Contacts[:de]Kontakte[:fr]Contacts[:] - Rolltek\" \/>\n<meta property=\"og:description\" content=\"Contattaci al +39 09619011 o invia una mail a info@rolltek.it - La nostra sede operativa si trova in Z.I. Sarrottino88056 Tiriolo, CZ\" \/>\n<meta property=\"og:url\" content=\"https:\/\/www.rolltek.it\/web\/contatti\/\" \/>\n<meta property=\"og:site_name\" content=\"Rolltek\" \/>\n<meta property=\"article:publisher\" content=\"https:\/\/www.facebook.com\/rolltek.teknalsystem\" \/>\n<meta property=\"article:modified_time\" content=\"2022-07-08T12:55:21+00:00\" \/>\n<meta name=\"twitter:card\" content=\"summary_large_image\" \/>\n<meta name=\"twitter:label1\" content=\"Gesch\u00e4tzte Lesezeit\" \/>\n\t<meta name=\"twitter:data1\" content=\"1 Minute\" \/>\n<script type=\"application\/ld+json\" class=\"yoast-schema-graph\">{\"@context\":\"https:\/\/schema.org\",\"@graph\":[{\"@type\":\"Organization\",\"@id\":\"https:\/\/www.rolltek.it\/web\/fr\/#organization\",\"name\":\"Rolltek S.r.l.\",\"url\":\"https:\/\/www.rolltek.it\/web\/fr\/\",\"sameAs\":[\"https:\/\/www.facebook.com\/rolltek.teknalsystem\"],\"logo\":{\"@type\":\"ImageObject\",\"inLanguage\":\"de-DE\",\"@id\":\"https:\/\/www.rolltek.it\/web\/fr\/#\/schema\/logo\/image\/\",\"url\":\"https:\/\/www.rolltek.it\/web\/wp-content\/uploads\/2019\/06\/logo_rolltek_new.png\",\"contentUrl\":\"https:\/\/www.rolltek.it\/web\/wp-content\/uploads\/2019\/06\/logo_rolltek_new.png\",\"width\":197,\"height\":47,\"caption\":\"Rolltek S.r.l.\"},\"image\":{\"@id\":\"https:\/\/www.rolltek.it\/web\/fr\/#\/schema\/logo\/image\/\"}},{\"@type\":\"WebSite\",\"@id\":\"https:\/\/www.rolltek.it\/web\/fr\/#website\",\"url\":\"https:\/\/www.rolltek.it\/web\/fr\/\",\"name\":\"Rolltek\",\"description\":\"La tapperella orientabile\",\"publisher\":{\"@id\":\"https:\/\/www.rolltek.it\/web\/fr\/#organization\"},\"potentialAction\":[{\"@type\":\"SearchAction\",\"target\":{\"@type\":\"EntryPoint\",\"urlTemplate\":\"https:\/\/www.rolltek.it\/web\/fr\/?s={search_term_string}\"},\"query-input\":\"required name=search_term_string\"}],\"inLanguage\":\"de-DE\"},{\"@type\":\"WebPage\",\"@id\":\"https:\/\/www.rolltek.it\/web\/contatti\/\",\"url\":\"https:\/\/www.rolltek.it\/web\/contatti\/\",\"name\":\"[:it]Contatti[:en]Contacts[:de]Kontakte[:fr]Contacts[:] - Rolltek\",\"isPartOf\":{\"@id\":\"https:\/\/www.rolltek.it\/web\/fr\/#website\"},\"datePublished\":\"2015-12-07T17:22:55+00:00\",\"dateModified\":\"2022-07-08T12:55:21+00:00\",\"description\":\"Contattaci al +39 09619011 o invia una mail a info@rolltek.it - La nostra sede operativa si trova in Z.I. Sarrottino88056 Tiriolo, CZ\",\"breadcrumb\":{\"@id\":\"https:\/\/www.rolltek.it\/web\/contatti\/#breadcrumb\"},\"inLanguage\":\"de-DE\",\"potentialAction\":[{\"@type\":\"ReadAction\",\"target\":[\"https:\/\/www.rolltek.it\/web\/contatti\/\"]}]},{\"@type\":\"BreadcrumbList\",\"@id\":\"https:\/\/www.rolltek.it\/web\/contatti\/#breadcrumb\",\"itemListElement\":[{\"@type\":\"ListItem\",\"position\":1,\"name\":\"Home\",\"item\":\"https:\/\/www.rolltek.it\/web\/\"},{\"@type\":\"ListItem\",\"position\":2,\"name\":\"Contatti\"}]}]}<\/script>\n<!-- \/ Yoast SEO plugin. -->","yoast_head_json":{"title":"[:it]Contatti[:en]Contacts[:de]Kontakte[:fr]Contacts[:] - Rolltek","description":"Contattaci al +39 09619011 o invia una mail a info@rolltek.it - La nostra sede operativa si trova in Z.I. Sarrottino88056 Tiriolo, CZ","robots":{"index":"index","follow":"follow","max-snippet":"max-snippet:-1","max-image-preview":"max-image-preview:large","max-video-preview":"max-video-preview:-1"},"canonical":"https:\/\/www.rolltek.it\/web\/contatti\/","og_locale":"de_DE","og_type":"article","og_title":"[:it]Contatti[:en]Contacts[:de]Kontakte[:fr]Contacts[:] - Rolltek","og_description":"Contattaci al +39 09619011 o invia una mail a info@rolltek.it - La nostra sede operativa si trova in Z.I. Sarrottino88056 Tiriolo, CZ","og_url":"https:\/\/www.rolltek.it\/web\/contatti\/","og_site_name":"Rolltek","article_publisher":"https:\/\/www.facebook.com\/rolltek.teknalsystem","article_modified_time":"2022-07-08T12:55:21+00:00","twitter_card":"summary_large_image","twitter_misc":{"Gesch\u00e4tzte Lesezeit":"1 Minute"},"schema":{"@context":"https:\/\/schema.org","@graph":[{"@type":"Organization","@id":"https:\/\/www.rolltek.it\/web\/fr\/#organization","name":"Rolltek S.r.l.","url":"https:\/\/www.rolltek.it\/web\/fr\/","sameAs":["https:\/\/www.facebook.com\/rolltek.teknalsystem"],"logo":{"@type":"ImageObject","inLanguage":"de-DE","@id":"https:\/\/www.rolltek.it\/web\/fr\/#\/schema\/logo\/image\/","url":"https:\/\/www.rolltek.it\/web\/wp-content\/uploads\/2019\/06\/logo_rolltek_new.png","contentUrl":"https:\/\/www.rolltek.it\/web\/wp-content\/uploads\/2019\/06\/logo_rolltek_new.png","width":197,"height":47,"caption":"Rolltek S.r.l."},"image":{"@id":"https:\/\/www.rolltek.it\/web\/fr\/#\/schema\/logo\/image\/"}},{"@type":"WebSite","@id":"https:\/\/www.rolltek.it\/web\/fr\/#website","url":"https:\/\/www.rolltek.it\/web\/fr\/","name":"Rolltek","description":"La tapperella orientabile","publisher":{"@id":"https:\/\/www.rolltek.it\/web\/fr\/#organization"},"potentialAction":[{"@type":"SearchAction","target":{"@type":"EntryPoint","urlTemplate":"https:\/\/www.rolltek.it\/web\/fr\/?s={search_term_string}"},"query-input":"required name=search_term_string"}],"inLanguage":"de-DE"},{"@type":"WebPage","@id":"https:\/\/www.rolltek.it\/web\/contatti\/","url":"https:\/\/www.rolltek.it\/web\/contatti\/","name":"[:it]Contatti[:en]Contacts[:de]Kontakte[:fr]Contacts[:] - Rolltek","isPartOf":{"@id":"https:\/\/www.rolltek.it\/web\/fr\/#website"},"datePublished":"2015-12-07T17:22:55+00:00","dateModified":"2022-07-08T12:55:21+00:00","description":"Contattaci al +39 09619011 o invia una mail a info@rolltek.it - La nostra sede operativa si trova in Z.I. Sarrottino88056 Tiriolo, CZ","breadcrumb":{"@id":"https:\/\/www.rolltek.it\/web\/contatti\/#breadcrumb"},"inLanguage":"de-DE","potentialAction":[{"@type":"ReadAction","target":["https:\/\/www.rolltek.it\/web\/contatti\/"]}]},{"@type":"BreadcrumbList","@id":"https:\/\/www.rolltek.it\/web\/contatti\/#breadcrumb","itemListElement":[{"@type":"ListItem","position":1,"name":"Home","item":"https:\/\/www.rolltek.it\/web\/"},{"@type":"ListItem","position":2,"name":"Contatti"}]}]}},"_links":{"self":[{"href":"https:\/\/www.rolltek.it\/web\/de\/wp-json\/wp\/v2\/pages\/113"}],"collection":[{"href":"https:\/\/www.rolltek.it\/web\/de\/wp-json\/wp\/v2\/pages"}],"about":[{"href":"https:\/\/www.rolltek.it\/web\/de\/wp-json\/wp\/v2\/types\/page"}],"author":[{"embeddable":true,"href":"https:\/\/www.rolltek.it\/web\/de\/wp-json\/wp\/v2\/users\/1"}],"replies":[{"embeddable":true,"href":"https:\/\/www.rolltek.it\/web\/de\/wp-json\/wp\/v2\/comments?post=113"}],"version-history":[{"count":12,"href":"https:\/\/www.rolltek.it\/web\/de\/wp-json\/wp\/v2\/pages\/113\/revisions"}],"predecessor-version":[{"id":913,"href":"https:\/\/www.rolltek.it\/web\/de\/wp-json\/wp\/v2\/pages\/113\/revisions\/913"}],"wp:attachment":[{"href":"https:\/\/www.rolltek.it\/web\/de\/wp-json\/wp\/v2\/media?parent=113"}],"curies":[{"name":"wp","href":"https:\/\/api.w.org\/{rel}","templated":true}]}}