{"id":279,"date":"2015-12-21T16:51:05","date_gmt":"2015-12-21T15:51:05","guid":{"rendered":"https:\/\/www.rolltek.it\/web\/\/?page_id=279"},"modified":"2022-07-12T17:06:06","modified_gmt":"2022-07-12T15:06:06","slug":"capitolato-tecnico","status":"publish","type":"page","link":"https:\/\/www.rolltek.it\/web\/fr\/slim\/capitolato-tecnico\/","title":{"rendered":"Sp\u00e9cifications techniques"},"content":{"rendered":"<p><\/p>\n<ul>\n<li>Guides profil\u00e9 lat\u00e9ral en aluminium extrud\u00e9 norme 6060<\/li>\n<li>Profil\u00e9s des lames en aluminium extrud\u00e9 norme 6060 connect\u00e9 aux m\u00e9canismes d\u2019orientation par embouts en nylon et fibres de verre.<\/li>\n<li>Embouts en PVC ins\u00e9r\u00e9 dans chaque lame.<\/li>\n<li>M\u00e9canisme d\u2019orientation compos\u00e9 de diff\u00e9rents \u00e9l\u00e9ments en nylon et fibre de verre, aluminium et inox<\/li>\n<li style=\"list-style-type: none;\"><\/li>\n<li>Profil\u00e9 compensateur en Aluminium extrud\u00e9 norme 6060 qui constitue la partie inf\u00e9rieure du tablier<\/li>\n<li>\u00e9l\u00e9ment de finition de compensation du tablier fabriqu\u00e9 en nylon et fibre de verre<\/li>\n<li>Brosse en nylon situ\u00e9e sous le profil de position et dans les guides ;<\/li>\n<li>Tube d\u2019enroulement en acier galvanis\u00e9 (diam\u00e8tre 60mm) compos\u00e9 de support en nylon et fibre de verre.<\/li>\n<li>Chaine lat\u00e9rale assurant la connexion entre le tablier et le tube d\u2019entrainement<\/li>\n<li>Accessoires de fixation en Inox<\/li>\n<li>Inserts en nylon et fibre de verre positionn\u00e9s sur les c\u00f4t\u00e9s du guide avec pour fonction de guider le tablier dans les guides lors de la descente du volet.<\/li>\n<li>Moteur \u00e9lectrique d\u2019enroulement, install\u00e9 dans le tube d\u2019enroulement avec un limiteur de fin de course \u00e9quip\u00e9 d\u2019un relais de surcharge thermique.<\/li>\n<\/ul>\n<div class=\"krown-column-row clearfix\">\n<div class=\"krown-column-container clearfix first  span4 clearfix\">\n<p>L\u00c9GENDE:<\/p>\n<ol>\n<li>Tablier<\/li>\n<li>Moteur \u00e9lectrique<\/li>\n<li>Sangles de mantien<\/li>\n<li>Tube octogonal<\/li>\n<li>Rouleau d&rsquo;enroulement<\/li>\n<li>Calotte<\/li>\n<li>Chaine finale<\/li>\n<li>Insert (uniquement avec guides de nouvelle installation)<\/li>\n<li>Guide<\/li>\n<li>Bord droit (uniquement avec guides de nouvelle installation)<\/li>\n<\/ol>\n<\/div>\n<div class=\"krown-column-container clearfix  last span8 clearfix\">\n<img class=\"alignnone size-medium wp-image-284\" src=\"https:\/\/www.rolltek.it\/web\/\/wp-content\/uploads\/2015\/12\/rolltek-slim-capitolato-212x300.png\" alt=\"rolltek-slim-capitolato\" width=\"212\" height=\"300\" srcset=\"https:\/\/www.rolltek.it\/web\/wp-content\/uploads\/2015\/12\/rolltek-slim-capitolato-212x300.png 212w, https:\/\/www.rolltek.it\/web\/wp-content\/uploads\/2015\/12\/rolltek-slim-capitolato.png 400w\" sizes=\"(max-width: 212px) 100vw, 212px\" \/>\n<\/div>\n<\/div>\n<p><\/p>","protected":false},"excerpt":{"rendered":"<p>Guides profil\u00e9 lat\u00e9ral en aluminium extrud\u00e9 norme 6060 Profil\u00e9s des lames en aluminium extrud\u00e9 norme 6060 connect\u00e9 aux m\u00e9canismes d\u2019orientation par embouts en nylon et fibres de verre. Embouts en PVC ins\u00e9r\u00e9 dans chaque lame. M\u00e9canisme d\u2019orientation compos\u00e9 de diff\u00e9rents \u00e9l\u00e9ments en nylon et fibre de verre, aluminium et inox Profil\u00e9 compensateur en Aluminium extrud\u00e9 [&hellip;]<\/p>\n","protected":false},"author":1,"featured_media":0,"parent":206,"menu_order":44,"comment_status":"closed","ping_status":"closed","template":"","meta":[],"yoast_head":"<!-- This site is optimized with the Yoast SEO plugin v19.3 - https:\/\/yoast.com\/wordpress\/plugins\/seo\/ -->\n<title>Sp\u00e9cifications techniques  - Rolltek<\/title>\n<meta name=\"description\" content=\"Capitolato Tecnico di Slim per conoscere i Materiali utilizzati per realizzare Guide, Profili, Guarnizioni e tutti i Componenti.\" \/>\n<meta name=\"robots\" content=\"index, follow, max-snippet:-1, max-image-preview:large, max-video-preview:-1\" \/>\n<link rel=\"canonical\" href=\"https:\/\/www.rolltek.it\/web\/slim\/capitolato-tecnico\/\" \/>\n<meta property=\"og:locale\" content=\"fr_FR\" \/>\n<meta property=\"og:type\" content=\"article\" \/>\n<meta property=\"og:title\" content=\"[:it]Capitolato tecnico[:en]Specifications[:de]Bestandteile und Zubeh\u00f6r [:fr]Sp\u00e9cifications techniques [:] - Rolltek\" \/>\n<meta property=\"og:description\" content=\"Capitolato Tecnico di Slim per conoscere i Materiali utilizzati per realizzare Guide, Profili, Guarnizioni e tutti i Componenti.\" \/>\n<meta property=\"og:url\" content=\"https:\/\/www.rolltek.it\/web\/slim\/capitolato-tecnico\/\" \/>\n<meta property=\"og:site_name\" content=\"Rolltek\" \/>\n<meta property=\"article:publisher\" content=\"https:\/\/www.facebook.com\/rolltek.teknalsystem\" \/>\n<meta property=\"article:modified_time\" content=\"2022-07-12T15:06:06+00:00\" \/>\n<meta property=\"og:image\" content=\"https:\/\/www.rolltek.it\/web\/\/wp-content\/uploads\/2015\/12\/rolltek-slim-capitolato-212x300.png\" \/>\n<meta name=\"twitter:card\" content=\"summary_large_image\" \/>\n<meta name=\"twitter:label1\" content=\"Dur\u00e9e de lecture estim\u00e9e\" \/>\n\t<meta name=\"twitter:data1\" content=\"2 minutes\" \/>\n<script type=\"application\/ld+json\" class=\"yoast-schema-graph\">{\"@context\":\"https:\/\/schema.org\",\"@graph\":[{\"@type\":\"Organization\",\"@id\":\"https:\/\/www.rolltek.it\/web\/fr\/#organization\",\"name\":\"Rolltek S.r.l.\",\"url\":\"https:\/\/www.rolltek.it\/web\/fr\/\",\"sameAs\":[\"https:\/\/www.facebook.com\/rolltek.teknalsystem\"],\"logo\":{\"@type\":\"ImageObject\",\"inLanguage\":\"fr-FR\",\"@id\":\"https:\/\/www.rolltek.it\/web\/fr\/#\/schema\/logo\/image\/\",\"url\":\"https:\/\/www.rolltek.it\/web\/wp-content\/uploads\/2019\/06\/logo_rolltek_new.png\",\"contentUrl\":\"https:\/\/www.rolltek.it\/web\/wp-content\/uploads\/2019\/06\/logo_rolltek_new.png\",\"width\":197,\"height\":47,\"caption\":\"Rolltek S.r.l.\"},\"image\":{\"@id\":\"https:\/\/www.rolltek.it\/web\/fr\/#\/schema\/logo\/image\/\"}},{\"@type\":\"WebSite\",\"@id\":\"https:\/\/www.rolltek.it\/web\/fr\/#website\",\"url\":\"https:\/\/www.rolltek.it\/web\/fr\/\",\"name\":\"Rolltek\",\"description\":\"La tapperella orientabile\",\"publisher\":{\"@id\":\"https:\/\/www.rolltek.it\/web\/fr\/#organization\"},\"potentialAction\":[{\"@type\":\"SearchAction\",\"target\":{\"@type\":\"EntryPoint\",\"urlTemplate\":\"https:\/\/www.rolltek.it\/web\/fr\/?s={search_term_string}\"},\"query-input\":\"required name=search_term_string\"}],\"inLanguage\":\"fr-FR\"},{\"@type\":\"ImageObject\",\"inLanguage\":\"fr-FR\",\"@id\":\"https:\/\/www.rolltek.it\/web\/slim\/capitolato-tecnico\/#primaryimage\",\"url\":\"https:\/\/www.rolltek.it\/web\/\/wp-content\/uploads\/2015\/12\/rolltek-slim-capitolato-212x300.png\",\"contentUrl\":\"https:\/\/www.rolltek.it\/web\/\/wp-content\/uploads\/2015\/12\/rolltek-slim-capitolato-212x300.png\"},{\"@type\":\"WebPage\",\"@id\":\"https:\/\/www.rolltek.it\/web\/slim\/capitolato-tecnico\/\",\"url\":\"https:\/\/www.rolltek.it\/web\/slim\/capitolato-tecnico\/\",\"name\":\"[:it]Capitolato tecnico[:en]Specifications[:de]Bestandteile und Zubeh\u00f6r [:fr]Sp\u00e9cifications techniques [:] - Rolltek\",\"isPartOf\":{\"@id\":\"https:\/\/www.rolltek.it\/web\/fr\/#website\"},\"primaryImageOfPage\":{\"@id\":\"https:\/\/www.rolltek.it\/web\/slim\/capitolato-tecnico\/#primaryimage\"},\"datePublished\":\"2015-12-21T15:51:05+00:00\",\"dateModified\":\"2022-07-12T15:06:06+00:00\",\"description\":\"Capitolato Tecnico di Slim per conoscere i Materiali utilizzati per realizzare Guide, Profili, Guarnizioni e tutti i Componenti.\",\"breadcrumb\":{\"@id\":\"https:\/\/www.rolltek.it\/web\/slim\/capitolato-tecnico\/#breadcrumb\"},\"inLanguage\":\"fr-FR\",\"potentialAction\":[{\"@type\":\"ReadAction\",\"target\":[\"https:\/\/www.rolltek.it\/web\/slim\/capitolato-tecnico\/\"]}]},{\"@type\":\"BreadcrumbList\",\"@id\":\"https:\/\/www.rolltek.it\/web\/slim\/capitolato-tecnico\/#breadcrumb\",\"itemListElement\":[{\"@type\":\"ListItem\",\"position\":1,\"name\":\"Home\",\"item\":\"https:\/\/www.rolltek.it\/web\/\"},{\"@type\":\"ListItem\",\"position\":2,\"name\":\"Slim\",\"item\":\"https:\/\/www.rolltek.it\/web\/slim\/\"},{\"@type\":\"ListItem\",\"position\":3,\"name\":\"Capitolato tecnico\"}]}]}<\/script>\n<!-- \/ Yoast SEO plugin. -->","yoast_head_json":{"title":"[:it]Capitolato tecnico[:en]Specifications[:de]Bestandteile und Zubeh\u00f6r [:fr]Sp\u00e9cifications techniques [:] - Rolltek","description":"Capitolato Tecnico di Slim per conoscere i Materiali utilizzati per realizzare Guide, Profili, Guarnizioni e tutti i Componenti.","robots":{"index":"index","follow":"follow","max-snippet":"max-snippet:-1","max-image-preview":"max-image-preview:large","max-video-preview":"max-video-preview:-1"},"canonical":"https:\/\/www.rolltek.it\/web\/slim\/capitolato-tecnico\/","og_locale":"fr_FR","og_type":"article","og_title":"[:it]Capitolato tecnico[:en]Specifications[:de]Bestandteile und Zubeh\u00f6r [:fr]Sp\u00e9cifications techniques [:] - Rolltek","og_description":"Capitolato Tecnico di Slim per conoscere i Materiali utilizzati per realizzare Guide, Profili, Guarnizioni e tutti i Componenti.","og_url":"https:\/\/www.rolltek.it\/web\/slim\/capitolato-tecnico\/","og_site_name":"Rolltek","article_publisher":"https:\/\/www.facebook.com\/rolltek.teknalsystem","article_modified_time":"2022-07-12T15:06:06+00:00","og_image":[{"url":"https:\/\/www.rolltek.it\/web\/\/wp-content\/uploads\/2015\/12\/rolltek-slim-capitolato-212x300.png"}],"twitter_card":"summary_large_image","twitter_misc":{"Dur\u00e9e de lecture estim\u00e9e":"2 minutes"},"schema":{"@context":"https:\/\/schema.org","@graph":[{"@type":"Organization","@id":"https:\/\/www.rolltek.it\/web\/fr\/#organization","name":"Rolltek S.r.l.","url":"https:\/\/www.rolltek.it\/web\/fr\/","sameAs":["https:\/\/www.facebook.com\/rolltek.teknalsystem"],"logo":{"@type":"ImageObject","inLanguage":"fr-FR","@id":"https:\/\/www.rolltek.it\/web\/fr\/#\/schema\/logo\/image\/","url":"https:\/\/www.rolltek.it\/web\/wp-content\/uploads\/2019\/06\/logo_rolltek_new.png","contentUrl":"https:\/\/www.rolltek.it\/web\/wp-content\/uploads\/2019\/06\/logo_rolltek_new.png","width":197,"height":47,"caption":"Rolltek S.r.l."},"image":{"@id":"https:\/\/www.rolltek.it\/web\/fr\/#\/schema\/logo\/image\/"}},{"@type":"WebSite","@id":"https:\/\/www.rolltek.it\/web\/fr\/#website","url":"https:\/\/www.rolltek.it\/web\/fr\/","name":"Rolltek","description":"La tapperella orientabile","publisher":{"@id":"https:\/\/www.rolltek.it\/web\/fr\/#organization"},"potentialAction":[{"@type":"SearchAction","target":{"@type":"EntryPoint","urlTemplate":"https:\/\/www.rolltek.it\/web\/fr\/?s={search_term_string}"},"query-input":"required name=search_term_string"}],"inLanguage":"fr-FR"},{"@type":"ImageObject","inLanguage":"fr-FR","@id":"https:\/\/www.rolltek.it\/web\/slim\/capitolato-tecnico\/#primaryimage","url":"https:\/\/www.rolltek.it\/web\/\/wp-content\/uploads\/2015\/12\/rolltek-slim-capitolato-212x300.png","contentUrl":"https:\/\/www.rolltek.it\/web\/\/wp-content\/uploads\/2015\/12\/rolltek-slim-capitolato-212x300.png"},{"@type":"WebPage","@id":"https:\/\/www.rolltek.it\/web\/slim\/capitolato-tecnico\/","url":"https:\/\/www.rolltek.it\/web\/slim\/capitolato-tecnico\/","name":"[:it]Capitolato tecnico[:en]Specifications[:de]Bestandteile und Zubeh\u00f6r [:fr]Sp\u00e9cifications techniques [:] - Rolltek","isPartOf":{"@id":"https:\/\/www.rolltek.it\/web\/fr\/#website"},"primaryImageOfPage":{"@id":"https:\/\/www.rolltek.it\/web\/slim\/capitolato-tecnico\/#primaryimage"},"datePublished":"2015-12-21T15:51:05+00:00","dateModified":"2022-07-12T15:06:06+00:00","description":"Capitolato Tecnico di Slim per conoscere i Materiali utilizzati per realizzare Guide, Profili, Guarnizioni e tutti i Componenti.","breadcrumb":{"@id":"https:\/\/www.rolltek.it\/web\/slim\/capitolato-tecnico\/#breadcrumb"},"inLanguage":"fr-FR","potentialAction":[{"@type":"ReadAction","target":["https:\/\/www.rolltek.it\/web\/slim\/capitolato-tecnico\/"]}]},{"@type":"BreadcrumbList","@id":"https:\/\/www.rolltek.it\/web\/slim\/capitolato-tecnico\/#breadcrumb","itemListElement":[{"@type":"ListItem","position":1,"name":"Home","item":"https:\/\/www.rolltek.it\/web\/"},{"@type":"ListItem","position":2,"name":"Slim","item":"https:\/\/www.rolltek.it\/web\/slim\/"},{"@type":"ListItem","position":3,"name":"Capitolato tecnico"}]}]}},"_links":{"self":[{"href":"https:\/\/www.rolltek.it\/web\/fr\/wp-json\/wp\/v2\/pages\/279"}],"collection":[{"href":"https:\/\/www.rolltek.it\/web\/fr\/wp-json\/wp\/v2\/pages"}],"about":[{"href":"https:\/\/www.rolltek.it\/web\/fr\/wp-json\/wp\/v2\/types\/page"}],"author":[{"embeddable":true,"href":"https:\/\/www.rolltek.it\/web\/fr\/wp-json\/wp\/v2\/users\/1"}],"replies":[{"embeddable":true,"href":"https:\/\/www.rolltek.it\/web\/fr\/wp-json\/wp\/v2\/comments?post=279"}],"version-history":[{"count":6,"href":"https:\/\/www.rolltek.it\/web\/fr\/wp-json\/wp\/v2\/pages\/279\/revisions"}],"predecessor-version":[{"id":1198,"href":"https:\/\/www.rolltek.it\/web\/fr\/wp-json\/wp\/v2\/pages\/279\/revisions\/1198"}],"up":[{"embeddable":true,"href":"https:\/\/www.rolltek.it\/web\/fr\/wp-json\/wp\/v2\/pages\/206"}],"wp:attachment":[{"href":"https:\/\/www.rolltek.it\/web\/fr\/wp-json\/wp\/v2\/media?parent=279"}],"curies":[{"name":"wp","href":"https:\/\/api.w.org\/{rel}","templated":true}]}}